{"id":129,"date":"2023-02-05T18:32:29","date_gmt":"2023-02-05T17:32:29","guid":{"rendered":"http:\/\/sla-formations.com\/?page_id=129"},"modified":"2023-12-28T22:20:13","modified_gmt":"2023-12-28T21:20:13","slug":"formation-et-certification-amadeus","status":"publish","type":"page","link":"https:\/\/sla-formations.com\/index.php\/formation-et-certification-amadeus\/","title":{"rendered":"Formation billetterie Amadeus"},"content":{"rendered":"\n<p><\/p>\n\n\n\n<div class=\"wp-block-group alignwide is-layout-constrained wp-block-group-is-layout-constrained\"><div class=\"wp-block-group__inner-container\">\n<p class=\"has-medium-font-size\">Vous r\u00eavez de devenir agent de voyage qualifi\u00e9 et de ma\u00eetriser les techniques de billetterie sur le syst\u00e8me international AMADEUS? Participez \u00e0 une formation 100 % pratique (en mode training) assur\u00e9e par notre centre SLA Formations, dont les formateurs disposent de longues ann\u00e9es d\u2019exp\u00e9rience dans le domaine a\u00e9rien.<\/p>\n<\/div><\/div>\n\n\n\n<p><\/p>\n\n\n\n<figure class=\"wp-block-video aligncenter\"><video controls src=\"https:\/\/sla-formations.com\/wp-content\/uploads\/2023\/10\/380425658_1268242727224819_1309592651517347598_n.mp4\"><\/video><\/figure>\n\n\n\n<p><\/p>\n\n\n\n<h2 class=\"wp-block-heading alignwide\" id=\"we-re-a-studio-in-berlin-with-an-international-practice-in-architecture-urban-planning-and-interior-design-we-believe-in-sharing-knowledge-and-promoting-dialogue-to-increase-the-creative-potential-of-collaboration\" style=\"line-height:1.1\">Le logiciel Amadeus<\/h2>\n\n\n\n<hr class=\"wp-block-separator alignwide has-text-color has-css-opacity has-background is-style-wide\" style=\"background-color:#000000;color:#000000\"\/>\n\n\n\n<div class=\"wp-block-columns alignwide is-layout-flex wp-container-core-columns-layout-1 wp-block-columns-is-layout-flex\">\n<div class=\"wp-block-column is-layout-flow wp-block-column-is-layout-flow\" style=\"flex-basis:66.66%\">\n<p>AMADEUS est aujourd&rsquo;hui la r\u00e9f\u00e9rence des logiciels de r\u00e9servation (GDS). C&rsquo;est le logiciel le plus utilis\u00e9 par les agences de r\u00e9servation et les agences de voyage. Il permet de centraliser tout le processus de la r\u00e9servation en un m\u00eame endroit, quel que soit le type de r\u00e9servation. AMADEUS permet ainsi de r\u00e9server des billets d\u2019avion aupr\u00e8s de plus de 720 compagnies a\u00e9riennes, un h\u00f4tel aupr\u00e8s de plus de 85 000 cha\u00eenes h\u00f4teli\u00e8res, des billets de train aupr\u00e8s de plus de 100 compagnies ferroviaires, mais \u00e9galement des voitures de location aupr\u00e8s de plus des 25 plus grandes compagnies du secteur. Plus qu&rsquo;un simple logiciel, Amadeus est une suite compl\u00e8te pour la vente de transports.<\/p>\n<\/div>\n\n\n\n<div class=\"wp-block-column is-vertically-aligned-center is-layout-flow wp-block-column-is-layout-flow\" style=\"flex-basis:33.33%\">\n<figure class=\"wp-block-image size-full is-resized\"><img loading=\"lazy\" decoding=\"async\" width=\"309\" height=\"58\" src=\"https:\/\/sla-formations.com\/wp-content\/uploads\/2023\/12\/image-8.png\" alt=\"\" class=\"wp-image-231\" style=\"width:367px;height:auto\" srcset=\"https:\/\/sla-formations.com\/wp-content\/uploads\/2023\/12\/image-8.png 309w, https:\/\/sla-formations.com\/wp-content\/uploads\/2023\/12\/image-8-300x56.png 300w\" sizes=\"(max-width: 309px) 100vw, 309px\" \/><\/figure>\n\n\n<div class=\"wp-block-image\">\n<figure class=\"aligncenter size-large is-resized\"><img loading=\"lazy\" decoding=\"async\" width=\"1024\" height=\"1024\" src=\"https:\/\/sla-formations.com\/wp-content\/uploads\/2023\/12\/image-7-1024x1024.png\" alt=\"\" class=\"wp-image-230\" style=\"width:73px;height:auto\" srcset=\"https:\/\/sla-formations.com\/wp-content\/uploads\/2023\/12\/image-7-1024x1024.png 1024w, https:\/\/sla-formations.com\/wp-content\/uploads\/2023\/12\/image-7-300x300.png 300w, https:\/\/sla-formations.com\/wp-content\/uploads\/2023\/12\/image-7-150x150.png 150w, https:\/\/sla-formations.com\/wp-content\/uploads\/2023\/12\/image-7-768x768.png 768w, https:\/\/sla-formations.com\/wp-content\/uploads\/2023\/12\/image-7-1536x1536.png 1536w, https:\/\/sla-formations.com\/wp-content\/uploads\/2023\/12\/image-7-2048x2048.png 2048w\" sizes=\"(max-width: 1024px) 100vw, 1024px\" \/><\/figure><\/div><\/div>\n<\/div>\n\n\n\n<h2 class=\"wp-block-heading alignwide\" id=\"we-re-a-studio-in-berlin-with-an-international-practice-in-architecture-urban-planning-and-interior-design-we-believe-in-sharing-knowledge-and-promoting-dialogue-to-increase-the-creative-potential-of-collaboration\" style=\"line-height:1.1\">Le programme de formation<\/h2>\n\n\n\n<hr class=\"wp-block-separator alignwide has-text-color has-css-opacity has-background is-style-wide\" style=\"background-color:#000000;color:#000000\"\/>\n\n\n\n<div class=\"wp-block-columns alignwide are-vertically-aligned-top is-layout-flex wp-container-core-columns-layout-3 wp-block-columns-is-layout-flex\">\n<div class=\"wp-block-column is-vertically-aligned-top is-layout-flow wp-block-column-is-layout-flow\">\n<div class=\"wp-block-columns is-layout-flex wp-container-core-columns-layout-2 wp-block-columns-is-layout-flex\">\n<div class=\"wp-block-column is-vertically-aligned-top is-layout-flow wp-block-column-is-layout-flow\" style=\"flex-basis:66.66%\">\n<p>Le logiciel AMADEUS&nbsp;est destin\u00e9 aux agents d&rsquo;accueil, agents de voyages, agents de vente, agent de r\u00e9servation, ou billettiste (etc.), agent d&rsquo;escale, commercial en charge de la r\u00e9servation de billets d&rsquo;avion, de train, d&rsquo;h\u00f4tels, ou de la location d&rsquo;une voiture.<\/p>\n\n\n\n<p>La formation billetterie AMADEUS est ouverte \u00e0 toute personne d\u00e9sireuse de ma\u00eetriser ce logiciel dans le cadre de son travail. Vous serez form\u00e9 dans le but&nbsp;<strong>de parfaitement ma\u00eetriser le logiciel<\/strong>, et notamment&nbsp;: de conna\u00eetre l\u2019interface utilisateur et les principaux outils, d\u2019effectuer les r\u00e9servations courantes, et de ma\u00eetriser les op\u00e9rations sp\u00e9cifiques comme l\u2019\u00e9change d\u2019un billet ou la modification d\u2019une r\u00e9servation.<\/p>\n\n\n\n<p>La formation billetterie AMADEUS est particuli\u00e8rement conseill\u00e9e aux personnes souhaitant suivre la formation d\u2019agent d\u2019escale, afin de poss\u00e9der une double comp\u00e9tence et la polyvalence n\u00e9cessaire \u00e0 un march\u00e9 de l\u2019emploi hautement concurrentiel.<\/p>\n<\/div>\n\n\n\n<div class=\"wp-block-column is-layout-flow wp-block-column-is-layout-flow\" style=\"flex-basis:33.33%\"><div class=\"wp-block-image\">\n<figure class=\"aligncenter size-full is-resized\"><a href=\"https:\/\/sla-formations.com\/wp-content\/uploads\/2023\/12\/programme-amadeus-1.pdf\"><img loading=\"lazy\" decoding=\"async\" width=\"224\" height=\"225\" src=\"https:\/\/sla-formations.com\/wp-content\/uploads\/2023\/12\/image-6.png\" alt=\"\" class=\"wp-image-229\" style=\"width:136px;height:auto\" srcset=\"https:\/\/sla-formations.com\/wp-content\/uploads\/2023\/12\/image-6.png 224w, https:\/\/sla-formations.com\/wp-content\/uploads\/2023\/12\/image-6-150x150.png 150w\" sizes=\"(max-width: 224px) 100vw, 224px\" \/><\/a><figcaption class=\"wp-element-caption\"><a href=\"https:\/\/sla-formations.com\/wp-content\/uploads\/2023\/12\/programme-amadeus-1.pdf\" data-type=\"link\" data-id=\"https:\/\/sla-formations.com\/wp-content\/uploads\/2023\/12\/programme-amadeus-1.pdf\">Programme d\u00e9taill\u00e9<\/a><\/figcaption><\/figure><\/div><\/div>\n<\/div>\n<\/div>\n<\/div>\n\n\n\n<div class=\"wp-block-columns alignwide is-layout-flex wp-container-core-columns-layout-4 wp-block-columns-is-layout-flex\">\n<div class=\"wp-block-column is-layout-flow wp-block-column-is-layout-flow\">\n<h2 class=\"wp-block-heading\">M\u00e9tiers et d\u00e9bouch\u00e9s<\/h2>\n\n\n\n<hr class=\"wp-block-separator has-text-color has-css-opacity has-background is-style-wide\" style=\"background-color:#000000;color:#000000\"\/>\n\n\n\n<p>La formation permet de devenir Conseiller billetterie AMADEUS<br>Un conseiller billetterie AMADEUS assure la vente, la r\u00e9servation et conseille et informe au sujet de la vente des billets.<\/p>\n<\/div>\n\n\n\n<div class=\"wp-block-column is-layout-flow wp-block-column-is-layout-flow\">\n<h2 class=\"wp-block-heading\">Objectifs de la formation<\/h2>\n\n\n\n<hr class=\"wp-block-separator has-text-color has-css-opacity has-background is-style-wide\" style=\"background-color:#000000;color:#000000\"\/>\n\n\n\n<p>La formation Billetterie AMADEUS a pour objectif d&rsquo;acqu\u00e9rir des comp\u00e9tences sur ce m\u00e9tier :<\/p>\n\n\n\n<ul>\n<li>Demande des clients<\/li>\n\n\n\n<li>Vente des produits<\/li>\n\n\n\n<li>Communication et transfert d\u2019informations<\/li>\n\n\n\n<li>Apport des conseils<\/li>\n<\/ul>\n<\/div>\n<\/div>\n\n\n\n<div class=\"wp-block-columns alignwide is-layout-flex wp-container-core-columns-layout-5 wp-block-columns-is-layout-flex\">\n<div class=\"wp-block-column is-layout-flow wp-block-column-is-layout-flow\">\n<h2 class=\"wp-block-heading\">Pr\u00e9-requis<\/h2>\n\n\n\n<hr class=\"wp-block-separator has-text-color has-css-opacity has-background is-style-wide\" style=\"background-color:#000000;color:#000000\"\/>\n\n\n\n<p>Aucun<\/p>\n<\/div>\n\n\n\n<div class=\"wp-block-column is-layout-flow wp-block-column-is-layout-flow\">\n<h2 class=\"wp-block-heading\">Public vis\u00e9<\/h2>\n\n\n\n<hr class=\"wp-block-separator has-text-color has-css-opacity has-background is-style-wide\" style=\"background-color:#000000;color:#000000\"\/>\n\n\n\n<ul>\n<li>Salari\u00e9<\/li>\n\n\n\n<li>Demandeur d&#8217;emploi<\/li>\n\n\n\n<li>Etudiants<\/li>\n\n\n\n<li>Personne en reconversion professionnelle<\/li>\n<\/ul>\n<\/div>\n<\/div>\n\n\n\n<div class=\"wp-block-columns alignwide is-layout-flex wp-container-core-columns-layout-6 wp-block-columns-is-layout-flex\">\n<div class=\"wp-block-column is-layout-flow wp-block-column-is-layout-flow\">\n<h2 class=\"wp-block-heading\">Inclus<\/h2>\n\n\n\n<hr class=\"wp-block-separator has-text-color has-css-opacity has-background is-style-wide\" style=\"background-color:#000000;color:#000000\"\/>\n\n\n\n<ul class=\"has-normal-font-size\">\n<li>Connexion \u00e0 la plateforme<\/li>\n\n\n\n<li>Gestion de Passenger Name Record(s)<\/li>\n\n\n\n<li>Tarifications<\/li>\n\n\n\n<li>Emission de billet \u00e9lectronique &#8230;<\/li>\n<\/ul>\n<\/div>\n\n\n\n<div class=\"wp-block-column is-layout-flow wp-block-column-is-layout-flow\">\n<h2 class=\"wp-block-heading\">Dur\u00e9e<\/h2>\n\n\n\n<hr class=\"wp-block-separator has-text-color has-css-opacity has-background is-style-wide\" style=\"background-color:#000000;color:#000000\"\/>\n\n\n\n<ul>\n<li>70 heures<\/li>\n<\/ul>\n<\/div>\n<\/div>\n\n\n\n<div class=\"wp-block-columns alignwide is-layout-flex wp-container-core-columns-layout-7 wp-block-columns-is-layout-flex\">\n<div class=\"wp-block-column is-layout-flow wp-block-column-is-layout-flow\">\n<h2 class=\"wp-block-heading\">Tarifs<\/h2>\n\n\n\n<hr class=\"wp-block-separator has-text-color has-css-opacity has-background is-style-wide\" style=\"background-color:#000000;color:#000000\"\/>\n\n\n\n<p>Nous consulter<\/p>\n<\/div>\n\n\n\n<div class=\"wp-block-column is-layout-flow wp-block-column-is-layout-flow\">\n<h2 class=\"wp-block-heading\">Conditions d&rsquo;acc\u00e8s<\/h2>\n\n\n\n<hr class=\"wp-block-separator has-text-color has-css-opacity has-background is-style-wide\" style=\"background-color:#000000;color:#000000\"\/>\n\n\n\n<p>La Formation billetterie AMADEUS s&rsquo;appuie sur la motivation des candidats durant le processus de recrutement. <\/p>\n\n\n\n<ul>\n<li>Etude dossier de candidature (pr\u00e9inscription) <\/li>\n\n\n\n<li>Entretien de positionnement t\u00e9l\u00e9phonique<\/li>\n<\/ul>\n<\/div>\n<\/div>\n\n\n\n<div class=\"wp-block-columns alignwide is-layout-flex wp-container-core-columns-layout-9 wp-block-columns-is-layout-flex\">\n<div class=\"wp-block-column is-layout-flow wp-block-column-is-layout-flow\" style=\"flex-basis:50%\">\n<figure class=\"wp-block-image size-full\"><img loading=\"lazy\" decoding=\"async\" width=\"840\" height=\"591\" src=\"https:\/\/sla-formations.com\/wp-content\/uploads\/2023\/12\/Plan-map-SLA-Formation.png\" alt=\"\" class=\"wp-image-228\" srcset=\"https:\/\/sla-formations.com\/wp-content\/uploads\/2023\/12\/Plan-map-SLA-Formation.png 840w, https:\/\/sla-formations.com\/wp-content\/uploads\/2023\/12\/Plan-map-SLA-Formation-300x211.png 300w, https:\/\/sla-formations.com\/wp-content\/uploads\/2023\/12\/Plan-map-SLA-Formation-768x540.png 768w\" sizes=\"(max-width: 840px) 100vw, 840px\" \/><\/figure>\n<\/div>\n\n\n\n<div class=\"wp-block-column is-vertically-aligned-center is-layout-flow wp-block-column-is-layout-flow\" style=\"padding-top:1em;padding-right:1em;padding-bottom:1em;padding-left:1em\">\n<h2 class=\"wp-block-heading\">Lieu<\/h2>\n\n\n\n<hr class=\"wp-block-separator has-text-color has-black-color has-alpha-channel-opacity has-black-background-color has-background is-style-wide\"\/>\n\n\n\n<div class=\"wp-block-columns is-layout-flex wp-container-core-columns-layout-8 wp-block-columns-is-layout-flex\">\n<div class=\"wp-block-column is-layout-flow wp-block-column-is-layout-flow\" style=\"flex-basis:100%\">\n<div class=\"wp-block-group alignwide is-layout-constrained wp-block-group-is-layout-constrained\"><div class=\"wp-block-group__inner-container\">\n<figure class=\"wp-block-image aligncenter size-full is-resized\"><img loading=\"lazy\" decoding=\"async\" width=\"231\" height=\"121\" src=\"https:\/\/sla-formations.com\/wp-content\/uploads\/2023\/12\/adresse-balzac-1.png\" alt=\"7 rue Olympe de Gouges\n94400 Vitry-sur-Seine\n06 63 08 17 94\" class=\"wp-image-225\" style=\"width:220px\"\/><\/figure>\n\n\n\n<figure class=\"wp-block-image aligncenter size-full is-resized\"><img loading=\"lazy\" decoding=\"async\" width=\"294\" height=\"141\" src=\"https:\/\/sla-formations.com\/wp-content\/uploads\/2023\/12\/bus-balzac-2.png\" alt=\"Acc\u00e8s en transport en commun :\nBus 182 et 382 arr\u00eat G\u00e9n\u00e9ral Mallette Joinville\nTramway T9 arr\u00eat Watteau-Rondenay\nRER C station Les Ardoines\n\nAcc\u00e8s en voiture : via A86\" class=\"wp-image-226\" style=\"width:272px\"\/><\/figure>\n<\/div><\/div>\n<\/div>\n<\/div>\n<\/div>\n<\/div>\n\n\n\n<div class=\"wp-block-columns alignwide is-layout-flex wp-container-core-columns-layout-10 wp-block-columns-is-layout-flex\">\n<div class=\"wp-block-column has-text-color has-background has-link-color wp-elements-a356eb980309f65391d92ccdca9ca1b6 is-layout-flow wp-block-column-is-layout-flow\" style=\"color:#000000;background-color:#ffe97d73;padding-top:2em;padding-right:2em;padding-bottom:2em;padding-left:2em\">\n<h2 class=\"wp-block-heading\" id=\"single\" style=\"font-size:40px\">D\u00e9butant<\/h2>\n\n\n\n<p class=\"has-normal-font-size\" style=\"line-height:1.5\"><strong>D\u00e9couvrez et apprenez \u00e0 utiliser le logiciel international Amadeus<\/strong><\/p>\n\n\n\n<hr class=\"wp-block-separator has-text-color has-css-opacity has-background is-style-wide\" style=\"background-color:#000000;color:#000000\"\/>\n\n\n\n<ul>\n<li><strong>Connexion \u00e0 la centrale de selling platform connect<\/strong><\/li>\n\n\n\n<li><strong>Zone de travail<\/strong><\/li>\n\n\n\n<li><strong>Signature acc\u00e8s et mot de passe<\/strong><\/li>\n\n\n\n<li><strong>Codage et d\u00e9codage<\/strong> : A\u00e9roport, ville, compagnie a\u00e9rienne, type d\u2019appareil, conversion des dates et horaires<\/li>\n\n\n\n<li><strong>Consultation des pages help et d\u2019information<\/strong><\/li>\n\n\n\n<li><strong>Affichage des disponibilit\u00e9s<\/strong><\/li>\n\n\n\n<li><strong>Cr\u00e9ation de PNR \u00e9tape de base<\/strong> : Introduction, nom, pr\u00e9nom, contact mobile et e-mail, affichage de vol r\u00e9servation de si\u00e8ge, statut de la r\u00e9servation, signature, cl\u00f4ture et lecture de r\u00e9f\u00e9rence en alphabet a\u00e9ronautique<\/li>\n\n\n\n<li><strong>El\u00e9ments compl\u00e9mentaires dans un PNR<\/strong> : Service d\u2019assistance, de si\u00e8ge roulant, demande d\u2019h\u00f4tesse, demande d&rsquo;animaux en cabine, demande d&rsquo;animaux en soute, demande de repas sp\u00e9cial,\u2026<\/li>\n\n\n\n<li><strong>El\u00e9ments compl\u00e9mentaires dans un PNR<\/strong> : Service d\u2019assistance, de si\u00e8ge roulant, demande d\u2019h\u00f4tesse, demande d&rsquo;animaux en cabine, demande d&rsquo;animaux en soute, demande de repas sp\u00e9cial,\u2026<\/li>\n\n\n\n<li><strong>Recherche de PNR<\/strong> : Par nom de famille ou par r\u00e9f\u00e9rence dossier<\/li>\n\n\n\n<li><strong>Historique d\u2019un PNR<\/strong><\/li>\n\n\n\n<li><strong>Splitage d\u2019un PNR<\/strong><\/li>\n\n\n\n<li><strong>Vente de mineur-extra seat et ou passager avec bagage volumineux<\/strong><\/li>\n\n\n\n<li><strong>Tarification suite PNR<\/strong> : L\u2019image du tarif (taxes-surcharges\u2026) note tarifaire \u2013conditions tarifaire &#8211; Devis tarifaire<\/li>\n\n\n\n<li><strong>Forme de paiement<\/strong><\/li>\n\n\n\n<li><strong>Emission de billet \u00e9lectronique comptable<\/strong> <strong>et envoi par e-mail<\/strong><\/li>\n<\/ul>\n<\/div>\n\n\n\n<div class=\"wp-block-column has-text-color has-background has-link-color wp-elements-600f889149defcbfc58df8158d0eb892 is-layout-flow wp-block-column-is-layout-flow\" style=\"color:#000000;background-color:#0499c23b;padding-top:2em;padding-right:2em;padding-bottom:2em;padding-left:2em\">\n<h2 class=\"wp-block-heading\" id=\"family\" style=\"font-size:40px\">Avanc\u00e9<\/h2>\n\n\n\n<p class=\"has-normal-font-size\" style=\"line-height:1.5\"><strong>Renforcez vos connaissance et utilisation du logiciel international Amadeus<\/strong><\/p>\n\n\n\n<hr class=\"wp-block-separator has-text-color has-black-color has-alpha-channel-opacity has-black-background-color has-background is-style-wide\"\/>\n\n\n\n<ul>\n<li><strong>Revalidation total ou partiel<\/strong><\/li>\n\n\n\n<li><strong>Traitement de document \u00e9chang\u00e9 en manuel et en automatique (ATC)<\/strong><\/li>\n\n\n\n<li><strong>Traitement d\u2019un document \u00e9chang\u00e9 avec remboursement de valeur r\u00e9siduelle (RSVR)<\/strong><\/li>\n\n\n\n<li><strong>Remboursement<\/strong> : Int\u00e9gral &#8211; avec p\u00e9nalit\u00e9 \u2013 juste les taxes \u2013 remboursement automatique (ATC)<\/li>\n<\/ul>\n<\/div>\n<\/div>\n\n\n\n<hr class=\"wp-block-separator has-alpha-channel-opacity\"\/>\n\n\n\n<div class=\"wp-block-group alignfull has-text-color has-background is-layout-flow wp-block-group-is-layout-flow\" style=\"color:#000000;background-color:#ffffff\"><div class=\"wp-block-group__inner-container\">\n<h2 class=\"wp-block-heading has-text-align-center\" id=\"schedule-a-visit\" style=\"font-size:24px;line-height:1.15\"><strong>Vous souhaitez participer \u00e0 la prochaine session de formation ? <\/strong><\/h2>\n\n\n\n<div class=\"wp-block-buttons is-horizontal is-content-justification-center is-layout-flex wp-container-core-buttons-layout-1 wp-block-buttons-is-layout-flex\">\n<div class=\"wp-block-button has-custom-width wp-block-button__width-50\"><a class=\"wp-block-button__link has-black-background-color has-text-color has-background wp-element-button\" href=\"http:\/\/sla-formations.com\/index.php\/contact\/\" style=\"border-radius:5px;color:#ffffff\">CONTACTEZ-NOUS<\/a><\/div>\n<\/div>\n\n\n\n<div style=\"height:64px\" aria-hidden=\"true\" class=\"wp-block-spacer\"><\/div>\n<\/div><\/div>\n","protected":false},"excerpt":{"rendered":"<p>Vous r\u00eavez de devenir agent de voyage qualifi\u00e9 et de ma\u00eetriser les techniques de billetterie sur le syst\u00e8me international AMADEUS? Participez \u00e0 une formation 100 % pratique (en mode training) assur\u00e9e par notre centre SLA Formations, dont les formateurs disposent de longues ann\u00e9es d\u2019exp\u00e9rience dans le domaine a\u00e9rien. Le logiciel [&hellip;]<\/p>\n","protected":false},"author":1,"featured_media":0,"parent":0,"menu_order":0,"comment_status":"closed","ping_status":"closed","template":"","meta":{"footnotes":""},"_links":{"self":[{"href":"https:\/\/sla-formations.com\/index.php\/wp-json\/wp\/v2\/pages\/129"}],"collection":[{"href":"https:\/\/sla-formations.com\/index.php\/wp-json\/wp\/v2\/pages"}],"about":[{"href":"https:\/\/sla-formations.com\/index.php\/wp-json\/wp\/v2\/types\/page"}],"author":[{"embeddable":true,"href":"https:\/\/sla-formations.com\/index.php\/wp-json\/wp\/v2\/users\/1"}],"replies":[{"embeddable":true,"href":"https:\/\/sla-formations.com\/index.php\/wp-json\/wp\/v2\/comments?post=129"}],"version-history":[{"count":35,"href":"https:\/\/sla-formations.com\/index.php\/wp-json\/wp\/v2\/pages\/129\/revisions"}],"predecessor-version":[{"id":385,"href":"https:\/\/sla-formations.com\/index.php\/wp-json\/wp\/v2\/pages\/129\/revisions\/385"}],"wp:attachment":[{"href":"https:\/\/sla-formations.com\/index.php\/wp-json\/wp\/v2\/media?parent=129"}],"curies":[{"name":"wp","href":"https:\/\/api.w.org\/{rel}","templated":true}]}}