{"id":194,"date":"2023-11-19T21:11:06","date_gmt":"2023-11-19T20:11:06","guid":{"rendered":"https:\/\/sla-formations.com\/?page_id=194"},"modified":"2025-07-14T20:07:21","modified_gmt":"2025-07-14T18:07:21","slug":"conditions-generales-de-vente","status":"publish","type":"page","link":"https:\/\/sla-formations.com\/index.php\/conditions-generales-de-vente\/","title":{"rendered":"Conditions G\u00e9n\u00e9rales de Vente (CGV)"},"content":{"rendered":"\n<div class=\"wp-block-group alignwide is-layout-constrained wp-block-group-is-layout-constrained\"><div class=\"wp-block-group__inner-container\">\n<p>Les pr\u00e9sentes conditions g\u00e9n\u00e9rales de vente r\u00e9gissent&nbsp;:<\/p>\n\n\n\n<ul>\n<li>D\u2019une part, les ventes effectu\u00e9es par l&rsquo;association <strong>SLA<\/strong> <strong>FORMATIONS<\/strong>, dont le si\u00e8ge social est situ\u00e9 \u00e0 86 Avenue Paul Vaillant Couturier, 94400 Vitry-sur-Seine et le lieu de formation est le 7 Rue Olympe de Gouges, 94400 Vitry-sur-Seine. &nbsp;&nbsp;<\/li>\n<\/ul>\n\n\n\n<p>N\u00b0 DECLARATION D\u2019ACTIVITE : 11941314294<br>SIRET : 89836407000018<br>Les coordonn\u00e9es de SLA FORMATIONS sont les suivantes\u00a0:\u00a0<br>Courrier \u00e9lectronique : info@sla-formations.com    <br>T\u00e9l : 06 63 08 17 94<\/p>\n\n\n\n<ul>\n<li>Et d\u2019autre part, l\u2019achat effectu\u00e9 par toute personne physique ou morale via le site Internet suivant, d\u00e9nomm\u00e9e ci-apr\u00e8s&nbsp;\u00ab&nbsp;le client&nbsp;\u00bb ou \u00ab&nbsp;l\u2019acheteur&nbsp;\u00bb.<\/li>\n<\/ul>\n<\/div><\/div>\n\n\n\n<div class=\"wp-block-group alignwide is-layout-constrained wp-block-group-is-layout-constrained\"><div class=\"wp-block-group__inner-container\">\n<h2 class=\"wp-block-heading has-header-gradient-color has-text-color has-link-color wp-elements-8c4642be386de242d9361a176bd3a45c\" style=\"text-transform:capitalize\">Article 1 \u2013 Objet<\/h2>\n\n\n\n<p>Les pr\u00e9sentes conditions de vente visent \u00e0 d\u00e9finir les relations contractuelles entre&nbsp;<strong>SLA FORMATIONS&nbsp;<\/strong>et l\u2019acheteur ainsi que les conditions applicables \u00e0 tout achat effectu\u00e9 par le biais du site marchand&nbsp;<strong>SLA FORMATIONS &nbsp;<\/strong>que l\u2019acheteur soit professionnel ou consommateur.<\/p>\n\n\n\n<p>L\u2019acquisition d\u2019un bien ou d\u2019un service \u00e0 travers le pr\u00e9sent site implique une acceptation sans r\u00e9serve par l\u2019acheteur des pr\u00e9sentes conditions de vente.<\/p>\n\n\n\n<p>Ces conditions de vente pr\u00e9vaudront sur toutes autres conditions g\u00e9n\u00e9rales ou particuli\u00e8res non express\u00e9ment agr\u00e9\u00e9es par&nbsp;<strong>SLA FORMATIONS<\/strong><\/p>\n\n\n\n<p>Ce dernier se r\u00e9serve le droit de pouvoir modifier ses conditions de vente \u00e0 tout moment. Dans ce cas, les conditions applicables seront celles en vigueur \u00e0 la date de la commande par l\u2019acheteur.<\/p>\n\n\n\n<h2 class=\"wp-block-heading has-header-gradient-color has-text-color has-link-color wp-elements-3f27d018f74fa5dd9a6a2f386982cdad\" style=\"text-transform:capitalize\">Article 2 \u2013 Caract\u00e9ristiques des biens et services propos\u00e9s<\/h2>\n\n\n\n<p>Les produits et services offerts sont ceux qui figurent au sein du catalogue publi\u00e9 sur le site <strong>SLA FORMATIONS.<\/strong> Chaque produit est accompagn\u00e9 d\u2019un descriptif \u00e9tabli par<strong> SLA FORMATIONS.<\/strong><\/p>\n\n\n\n<h2 class=\"wp-block-heading has-header-gradient-color has-text-color has-link-color wp-elements-2db8474f87eca7da34a87bd661ab3f05\" style=\"text-transform:capitalize\">Article 3 \u2013 Tarifs<\/h2>\n\n\n\n<p>Les prix sont ceux figurant dans le catalogue de formations.<\/p>\n\n\n\n<p><strong>SLA FORMATIONS <\/strong>se r\u00e9serve le droit de modifier ses prix \u00e0 tout moment, \u00e9tant toutefois entendu que le prix figurant au catalogue le jour de la commande sera le seul applicable \u00e0 l\u2019acheteur.<\/p>\n\n\n\n<p>Les prix indiqu\u00e9s comprennent les frais de traitement de commandes.<\/p>\n\n\n\n<p>Toutes les commandes quelle que soit leur origine sont payables en euros.<\/p>\n\n\n\n<p>Les produits demeurent la propri\u00e9t\u00e9 de <strong>SLA FORMATIONS <\/strong>et ce, jusqu\u2019au paiement complet du prix. Les prestations ne peuvent \u00eatre r\u00e9alis\u00e9es que lors du paiement int\u00e9gral du prix.<\/p>\n\n\n\n<p><strong>Attention<\/strong>&nbsp;: \u00c0 la prise de possession physique du produit command\u00e9, le risque de perte ou d\u2019endommagement de celui-ci est transf\u00e9r\u00e9 \u00e0 l\u2019acheteur.<\/p>\n\n\n\n<h2 class=\"wp-block-heading has-header-gradient-color has-text-color has-link-color wp-elements-7eacaf8d56b3a8c44549d501e63a54db\" style=\"text-transform:capitalize\">Article 4 \u2013 Commandes<\/h2>\n\n\n\n<p>Toute commande figurant sur le site internet <strong>SLA FORMATIONS <\/strong>suppose l\u2019adh\u00e9sion aux pr\u00e9sentes Conditions G\u00e9n\u00e9rales.<\/p>\n\n\n\n<p>Toute confirmation de commande entra\u00eene acceptation et pleine adh\u00e9sion aux pr\u00e9sentes Conditions G\u00e9n\u00e9rales, sans exceptions ni r\u00e9serves.<\/p>\n\n\n\n<p>L\u2019acheteur, qui souhaite acheter un produit ou un service doit obligatoirement :<\/p>\n\n\n\n<ul>\n<li>remplir la fiche d\u2019identification sur laquelle il indiquera toutes les coordonn\u00e9es demand\u00e9es ou s\u2019identifier sur son compte client s\u2019il en a un;&nbsp;<\/li>\n\n\n\n<li>remplir le bon de commande en ligne en donnant toutes les r\u00e9f\u00e9rences des produits ou services choisis ;<\/li>\n\n\n\n<li>valider sa commande apr\u00e8s l\u2019avoir v\u00e9rifi\u00e9e ;<\/li>\n\n\n\n<li>effectuer le paiement dans les conditions pr\u00e9vues ;<\/li>\n\n\n\n<li>confirmer sa commande et son r\u00e8glement.<\/li>\n<\/ul>\n\n\n\n<p>L\u2019ensemble des donn\u00e9es fournies et la confirmation enregistr\u00e9e vaudront preuve de la transaction. La confirmation vaudra signature et acceptation des op\u00e9rations effectu\u00e9es.<\/p>\n\n\n\n<p>Un r\u00e9capitulatif des informations de votre commande et des pr\u00e9sentes Conditions G\u00e9n\u00e9rales sera communiqu\u00e9 par le vendeur par courrier \u00e9lectronique en format PDF via l\u2019adresse e-mail de confirmation de votre commande.<\/p>\n\n\n\n<p>Si le produit est indisponible apr\u00e8s passation de votre commande,&nbsp;<strong>SLA FORMATIONS&nbsp;<\/strong>vous informera par e-mail ou par courrier. Votre commande sera automatiquement annul\u00e9e et vous serez rembours\u00e9 dans les meilleurs d\u00e9lais.<\/p>\n\n\n\n<h2 class=\"wp-block-heading has-header-gradient-color has-text-color has-link-color wp-elements-b68ae53527465da2709d44620fb9f655\" style=\"text-transform:capitalize\">Article 5 \u2013 Paiement et modalit\u00e9s de paiement<\/h2>\n\n\n\n<p>La validation d\u2019une commande par l\u2019acheteur implique le paiement du prix indiqu\u00e9. Le prix est donc exigible \u00e0 la commande.<\/p>\n\n\n\n<p>Le r\u00e8glement des achats doit s\u2019effectuer par virement bancaire de telle sorte que les informations transmises sont crypt\u00e9es par un logiciel et qu\u2019aucun tiers ne peut en prendre connaissance au cours du transport sur le r\u00e9seau.&nbsp;<\/p>\n\n\n\n<h2 class=\"wp-block-heading has-header-gradient-color has-text-color has-link-color wp-elements-16be874f723bee547cbffb6ddd6aa224\" style=\"text-transform:capitalize\">Article 6 \u2013 R\u00e9tractation<\/h2>\n\n\n\n<p>Conform\u00e9ment aux dispositions de l\u2019article L.121-21 du Code de la consommation, il est possible de b\u00e9n\u00e9ficier d\u2019un d\u00e9lai de r\u00e9tractation de 14 jours \u00e0 compter de la r\u00e9ception des produits et ce, sans avoir \u00e0 justifier de motifs ni \u00e0 payer de p\u00e9nalit\u00e9.&nbsp;<\/p>\n\n\n\n<p>Or, le d\u00e9lai l\u00e9gal de r\u00e9tractation de 14 jours ne s\u2019applique pas en l\u2019esp\u00e8ce, d\u00e8s lors que la mise en \u0153uvre du service a commenc\u00e9 ou que le client a re\u00e7u ses produits et services car ils ne peuvent pas <strong>par nature \u00eatre r\u00e9exp\u00e9di\u00e9s<\/strong>.<\/p>\n\n\n\n<h2 class=\"wp-block-heading has-header-gradient-color has-text-color has-link-color wp-elements-47cde3237e0dcd11438451ba4019960f\" style=\"text-transform:capitalize\">Article 7 \u2013 R\u00e9siliation<\/h2>\n\n\n\n<p>Le client peut mettre fin \u00e0 son inscription \u00e0&nbsp;<strong>SLA FORMATIONS <\/strong>\u00e0 tout moment en supprimant son compte client sur le site, sans frais et sans motif. Aucun remboursement ne pourra avoir lieu pour les produits ou services achet\u00e9s auparavant.<\/p>\n\n\n\n<p>L\u2019abonn\u00e9 \u00e0 la lettre d\u2019information peut mettre fin \u00e0 son inscription en cliquant sur le lien \u00ab se d\u00e9sabonner \u00bb, pr\u00e9sent au bas des courriers \u00e9lectroniques en question.<\/p>\n\n\n\n<h2 class=\"wp-block-heading has-header-gradient-color has-text-color has-link-color wp-elements-53509b3d2ba2e9177af13290204c3a0e\" style=\"text-transform:capitalize\">Article 8 \u2013 Livraisons<\/h2>\n\n\n\n<p>Le client peut t\u00e9l\u00e9charger ses produits ou services ou y avoir acc\u00e8s imm\u00e9diatement apr\u00e8s avoir effectu\u00e9 le paiement. Si toutefois le client rencontre un probl\u00e8me, il peut contacter le service client \u00e0 l\u2019adresse suivante&nbsp;: info@sla-formation.com<\/p>\n\n\n\n<h2 class=\"wp-block-heading has-header-gradient-color has-text-color has-link-color wp-elements-2230e43ee588b3dfcfd8cbec3d130f75\" style=\"text-transform:capitalize\">Article 9 \u2013 Responsabilit\u00e9<\/h2>\n\n\n\n<p>Le vendeur, dans le processus de vente en ligne, n\u2019est tenu que par une obligation de moyens ; sa responsabilit\u00e9 ne pourra \u00eatre engag\u00e9e pour un dommage r\u00e9sultant de l\u2019utilisation du r\u00e9seau Internet tel que perte de donn\u00e9es, intrusion, virus, piratage, rupture du service ou autres probl\u00e8mes involontaires.<\/p>\n\n\n\n<h2 class=\"wp-block-heading has-header-gradient-color has-text-color has-link-color wp-elements-2873b12ce6269c94101a2b881580e128\" style=\"text-transform:capitalize\">Article 10 \u2013 Donn\u00e9es \u00e0 caract\u00e8re Personnel<\/h2>\n\n\n\n<p>Conform\u00e9ment \u00e0 la loi relative \u00e0 l\u2019informatique, aux fichiers et aux libert\u00e9s du 6 janvier 1978, les informations \u00e0 caract\u00e8re nominatif relatives aux acheteurs pourront faire l\u2019objet d\u2019un traitement automatis\u00e9.<\/p>\n\n\n\n<p>Les clients peuvent s\u2019opposer \u00e0 la divulgation de leurs coordonn\u00e9es en le signalant \u00e0&nbsp;<strong>SLA FORMATIONS<\/strong>.&nbsp;De m\u00eame, les utilisateurs disposent d\u2019un droit d\u2019acc\u00e8s et de rectification des donn\u00e9es les concernant, conform\u00e9ment \u00e0 la loi du 6 janvier 1978.<\/p>\n\n\n\n<h2 class=\"wp-block-heading has-header-gradient-color has-text-color has-link-color wp-elements-358d55421d4d82c666ea984e0a0412bd\" style=\"text-transform:capitalize\">Article 11 \u2013 Archive\/Preuve<\/h2>\n\n\n\n<p><strong>SLA FORMATIONS<\/strong>&nbsp;archive les bons de commandes et factures au sein d\u2019un support fiable et durable, constituant une copie fid\u00e8le &#8211; Conform\u00e9ment aux dispositions de l\u2019article 1348 du Code civil.&nbsp;<\/p>\n\n\n\n<p>Les registres informatis\u00e9s de <strong>SLA FORMATIONS <\/strong>seront consid\u00e9r\u00e9s par toutes les parties comme preuve des communications, commandes, paiements et transactions intervenus entre les parties.<\/p>\n\n\n\n<h2 class=\"wp-block-heading has-header-gradient-color has-text-color has-link-color wp-elements-e0519904e418fbbe3a5c2406d6da4897\" style=\"text-transform:capitalize\">Article 12 \u2013 Propri\u00e9t\u00e9 intellectuelle<\/h2>\n\n\n\n<p>Tous les produits et services offerts sur le site&nbsp;<strong>SLA FORMATIONS&nbsp;<\/strong>sont destin\u00e9s \u00e0 un usage priv\u00e9, qu\u2019il s\u2019agisse d\u2019\u00e9l\u00e9ments visuels, sonores ou de vid\u00e9os, de livres num\u00e9riques, de photographies, d\u2019illustrations, de mises en page, de documents, de textes, de plan de formation ou autres \u00e9l\u00e9ments. Tous sont la propri\u00e9t\u00e9 intellectuelle de<strong> SLA FORMATIONS<\/strong>.<\/p>\n\n\n\n<p>Toute reproduction ou diffusion totale ou partielle des produits et services propos\u00e9s sur le site&nbsp;<strong>SLA FORMATIONS&nbsp;<\/strong>\u00e0 des tiers est interdite, sauf en cas d\u2019autorisation pr\u00e9alable \u00e9crite de la soci\u00e9t\u00e9&nbsp;<strong>SLA FORMATIONS<\/strong>.<\/p>\n\n\n\n<p>Il est interdit de supprimer les mentions de copyrights, de marque ou de toute autre mention l\u00e9gale sur les contenus propos\u00e9s par&nbsp;<strong>SLA FORMATIONS<\/strong>.<\/p>\n\n\n\n<p>Toutefois, vous \u00eates autoris\u00e9 \u00e0 t\u00e9l\u00e9charger, \u00e0 imprimer, \u00e0 enregistrer ces produits et services pour votre usage personnel et non commercial, si vous \u00eates client ou abonn\u00e9 \u00e0 la lettre d\u2019information<strong> SLA FORMATIONS<\/strong>.<\/p>\n\n\n\n<h2 class=\"wp-block-heading has-header-gradient-color has-text-color has-link-color wp-elements-e71d7c944712f9fa72de07ffa777c94a\" style=\"text-transform:capitalize\">Article 13 \u2013 Droit applicable en cas de litige<\/h2>\n\n\n\n<p>La langue du pr\u00e9sent contrat est la langue fran\u00e7aise. Les pr\u00e9sentes conditions de vente en ligne sont soumises \u00e0 la loi fran\u00e7aise. En cas de litige, les tribunaux fran\u00e7ais seront les seuls comp\u00e9tents.<\/p>\n\n\n\n<p><\/p>\n<\/div><\/div>\n","protected":false},"excerpt":{"rendered":"<p>Les pr\u00e9sentes conditions g\u00e9n\u00e9rales de vente r\u00e9gissent&nbsp;: N\u00b0 DECLARATION D\u2019ACTIVITE : 11941314294SIRET : 89836407000018Les coordonn\u00e9es de SLA FORMATIONS sont les suivantes\u00a0:\u00a0Courrier \u00e9lectronique : info@sla-formations.com T\u00e9l : 06 63 08 17 94 Article 1 \u2013 Objet Les pr\u00e9sentes conditions de vente visent \u00e0 d\u00e9finir les relations contractuelles entre&nbsp;SLA FORMATIONS&nbsp;et l\u2019acheteur ainsi [&hellip;]<\/p>\n","protected":false},"author":1,"featured_media":0,"parent":0,"menu_order":0,"comment_status":"closed","ping_status":"closed","template":"","meta":{"footnotes":""},"_links":{"self":[{"href":"https:\/\/sla-formations.com\/index.php\/wp-json\/wp\/v2\/pages\/194"}],"collection":[{"href":"https:\/\/sla-formations.com\/index.php\/wp-json\/wp\/v2\/pages"}],"about":[{"href":"https:\/\/sla-formations.com\/index.php\/wp-json\/wp\/v2\/types\/page"}],"author":[{"embeddable":true,"href":"https:\/\/sla-formations.com\/index.php\/wp-json\/wp\/v2\/users\/1"}],"replies":[{"embeddable":true,"href":"https:\/\/sla-formations.com\/index.php\/wp-json\/wp\/v2\/comments?post=194"}],"version-history":[{"count":9,"href":"https:\/\/sla-formations.com\/index.php\/wp-json\/wp\/v2\/pages\/194\/revisions"}],"predecessor-version":[{"id":430,"href":"https:\/\/sla-formations.com\/index.php\/wp-json\/wp\/v2\/pages\/194\/revisions\/430"}],"wp:attachment":[{"href":"https:\/\/sla-formations.com\/index.php\/wp-json\/wp\/v2\/media?parent=194"}],"curies":[{"name":"wp","href":"https:\/\/api.w.org\/{rel}","templated":true}]}}