{"id":207,"date":"2023-12-08T18:55:54","date_gmt":"2023-12-08T17:55:54","guid":{"rendered":"https:\/\/sla-formations.com\/?page_id=207"},"modified":"2023-12-12T21:14:12","modified_gmt":"2023-12-12T20:14:12","slug":"accompagnement-handicap","status":"publish","type":"page","link":"https:\/\/sla-formations.com\/index.php\/accompagnement-handicap\/","title":{"rendered":"Accompagnement Handicap"},"content":{"rendered":"\n<div class=\"wp-block-group alignwide is-layout-constrained wp-block-group-is-layout-constrained\"><div class=\"wp-block-group__inner-container\">\n<p>SLA Formations s\u2019inscrit dans une politique d\u2019\u00e9galit\u00e9 des chances afin de permettre \u00e0 tous les apprenants d\u2019acc\u00e9der \u00e0 ses formations et de d\u00e9velopper leur potentiel. Tous les apprenants en situation de handicap sont accompagn\u00e9s tout au long de leur formation.<\/p>\n\n\n\n<p>Madame Faten DHOGHMAN s\u2019engage ainsi, pour tout \u00e9tudiant pr\u00e9sentant une situation de handicap, \u00e0 :<\/p>\n\n\n\n<ul>\n<li>Prendre en compte ses besoins<\/li>\n\n\n\n<li>Etudier des am\u00e9nagements sp\u00e9cifiques pour son accompagnement tout au long de sa formation<\/li>\n\n\n\n<li>Faire le lien entre les diff\u00e9rents services du centre<\/li>\n\n\n\n<li>L\u2019accompagner dans ses d\u00e9marches<\/li>\n<\/ul>\n\n\n\n<p>Madame Faten DHOGHMAN se donne ainsi pour mission de d\u00e9ployer les moyens humains, mat\u00e9riels et techniques dont elle dispose pour favoriser l\u2019accueil, l\u2019accompagnement et l\u2019insertion professionnelle des apprenants en situation de handicap. <\/p>\n<\/div><\/div>\n\n\n\n<figure class=\"wp-block-image aligncenter size-full\"><img loading=\"lazy\" decoding=\"async\" width=\"512\" height=\"228\" src=\"https:\/\/sla-formations.com\/wp-content\/uploads\/2023\/12\/Referent-Handicap.png\" alt=\"R\u00e9f\u00e9rents handicap\nMadame Faten Doghman\n06 63 08 17 94\ninfo@sla-formations.com\" class=\"wp-image-244\" srcset=\"https:\/\/sla-formations.com\/wp-content\/uploads\/2023\/12\/Referent-Handicap.png 512w, https:\/\/sla-formations.com\/wp-content\/uploads\/2023\/12\/Referent-Handicap-300x134.png 300w\" sizes=\"(max-width: 512px) 100vw, 512px\" \/><\/figure>\n\n\n\n<p><\/p>\n","protected":false},"excerpt":{"rendered":"<p>SLA Formations s\u2019inscrit dans une politique d\u2019\u00e9galit\u00e9 des chances afin de permettre \u00e0 tous les apprenants d\u2019acc\u00e9der \u00e0 ses formations et de d\u00e9velopper leur potentiel. Tous les apprenants en situation de handicap sont accompagn\u00e9s tout au long de leur formation. Madame Faten DHOGHMAN s\u2019engage ainsi, pour tout \u00e9tudiant pr\u00e9sentant une [&hellip;]<\/p>\n","protected":false},"author":1,"featured_media":0,"parent":0,"menu_order":0,"comment_status":"closed","ping_status":"closed","template":"","meta":{"footnotes":""},"_links":{"self":[{"href":"https:\/\/sla-formations.com\/index.php\/wp-json\/wp\/v2\/pages\/207"}],"collection":[{"href":"https:\/\/sla-formations.com\/index.php\/wp-json\/wp\/v2\/pages"}],"about":[{"href":"https:\/\/sla-formations.com\/index.php\/wp-json\/wp\/v2\/types\/page"}],"author":[{"embeddable":true,"href":"https:\/\/sla-formations.com\/index.php\/wp-json\/wp\/v2\/users\/1"}],"replies":[{"embeddable":true,"href":"https:\/\/sla-formations.com\/index.php\/wp-json\/wp\/v2\/comments?post=207"}],"version-history":[{"count":5,"href":"https:\/\/sla-formations.com\/index.php\/wp-json\/wp\/v2\/pages\/207\/revisions"}],"predecessor-version":[{"id":351,"href":"https:\/\/sla-formations.com\/index.php\/wp-json\/wp\/v2\/pages\/207\/revisions\/351"}],"wp:attachment":[{"href":"https:\/\/sla-formations.com\/index.php\/wp-json\/wp\/v2\/media?parent=207"}],"curies":[{"name":"wp","href":"https:\/\/api.w.org\/{rel}","templated":true}]}}