{"id":274,"date":"2023-12-09T00:33:38","date_gmt":"2023-12-08T23:33:38","guid":{"rendered":"https:\/\/sla-formations.com\/?page_id=274"},"modified":"2025-07-14T21:07:23","modified_gmt":"2025-07-14T19:07:23","slug":"sla-formations","status":"publish","type":"page","link":"https:\/\/sla-formations.com\/index.php\/sla-formations\/","title":{"rendered":"A propos"},"content":{"rendered":"\n<h2 class=\"wp-block-heading alignwide\">Qui sommes nous ?<\/h2>\n\n\n\n<hr class=\"wp-block-separator alignwide has-text-color has-css-opacity has-background is-style-wide\" style=\"background-color:#000000;color:#000000\"\/>\n\n\n\n<div class=\"wp-block-columns alignwide is-layout-flex wp-container-core-columns-layout-1 wp-block-columns-is-layout-flex\">\n<div class=\"wp-block-column is-layout-flow wp-block-column-is-layout-flow\" style=\"flex-basis:66.66%\">\n<p>La cr\u00e9ation du centre SLA Formations est n\u00e9e de la volont\u00e9 et de l&rsquo;ambition d&rsquo;une femme, Madame Faten DOGHMAN, une ancienne collaboratrice TUNISAIR. <\/p>\n\n\n\n<p>Fondatrice et Pr\u00e9sidente du centre SLA Formations, elle a depuis toujours eu pour ambition de travailler dans le monde du voyage et du tourisme, et a concr\u00e9tis\u00e9 son r\u00eave en travaillant durant de nombreuses ann\u00e9es au sein de TUNISAIR.<\/p>\n\n\n\n<blockquote class=\"wp-block-quote\">\n<p id=\"block-2267be44-4fc0-4052-8b58-64d596bc2489\">\u00ab\u00a0Depuis aussi loin que je me souvienne, j\u2019ai toujours r\u00eav\u00e9 de travailler dans l\u2019industrie touristique.\u00a0\u00bb<\/p>\n<cite>Faten DOGHMAN<\/cite><\/blockquote>\n<\/div>\n\n\n\n<div class=\"wp-block-column is-layout-flow wp-block-column-is-layout-flow\" style=\"flex-basis:33.33%\">\n<figure class=\"wp-block-image size-large is-resized\"><img loading=\"lazy\" decoding=\"async\" width=\"1024\" height=\"484\" src=\"https:\/\/sla-formations.com\/wp-content\/uploads\/2023\/12\/Site_Logo_1-1-1024x484.png\" alt=\"\" class=\"wp-image-286\" style=\"width:277px;height:auto\" srcset=\"https:\/\/sla-formations.com\/wp-content\/uploads\/2023\/12\/Site_Logo_1-1-1024x484.png 1024w, https:\/\/sla-formations.com\/wp-content\/uploads\/2023\/12\/Site_Logo_1-1-300x142.png 300w, https:\/\/sla-formations.com\/wp-content\/uploads\/2023\/12\/Site_Logo_1-1-768x363.png 768w, https:\/\/sla-formations.com\/wp-content\/uploads\/2023\/12\/Site_Logo_1-1.png 1076w\" sizes=\"(max-width: 1024px) 100vw, 1024px\" \/><\/figure>\n<\/div>\n<\/div>\n\n\n\n<div class=\"wp-block-columns alignwide is-layout-flex wp-container-core-columns-layout-2 wp-block-columns-is-layout-flex\">\n<div class=\"wp-block-column is-layout-flow wp-block-column-is-layout-flow\" style=\"flex-basis:66.66%\">\n<p>Faire&nbsp;carri\u00e8re dans les m\u00e9tiers du tourisme, c&rsquo;est faire un m\u00e9tier passion. Pour \u00e0 peu pr\u00e8s tout le monde, le r\u00eave ultime est d\u2019\u0153uvrer dans un domaine qui nous passionne. Le monde du tourisme ne fait pas exception \u00e0 cette r\u00e8gle, bien au contraire. Heureusement pour les passionn\u00e9s de voyage, les m\u00e9tiers sont nombreux dans le domaine touristique. <\/p>\n<\/div>\n\n\n\n<div class=\"wp-block-column is-layout-flow wp-block-column-is-layout-flow\" style=\"flex-basis:33.33%\"><div class=\"wp-block-image\">\n<figure class=\"alignleft size-full is-resized\"><img loading=\"lazy\" decoding=\"async\" width=\"294\" height=\"172\" src=\"https:\/\/sla-formations.com\/wp-content\/uploads\/2023\/12\/images.jpg\" alt=\"\" class=\"wp-image-294\" style=\"width:263px;height:auto\"\/><\/figure><\/div><\/div>\n<\/div>\n\n\n\n<div class=\"wp-block-columns alignwide is-layout-flex wp-container-core-columns-layout-3 wp-block-columns-is-layout-flex\">\n<div class=\"wp-block-column is-layout-flow wp-block-column-is-layout-flow\" style=\"flex-basis:66.66%\">\n<p>M\u00eame si Madame Faten DOGHMAN a d\u00e9cid\u00e9 de changer de voie, elle c\u00f4toie toujours ce secteur \u00e0 travers la cr\u00e9ation de SLA Formations, ce qui lui permet de s&rsquo;investir en plus dans sa deuxi\u00e8me passion : <strong>La P\u00e9dagogie.<\/strong><\/p>\n\n\n\n<p>Pour SLA Formations, l&rsquo;enseignement \/ la formation est l&rsquo;une des professions les plus nobles et les plus gratifiantes qui existent. Transmettre est un art qui demande un savant \u00e9quilibre entre offrir du contenu et s\u2019assurer de l\u2019assimilation de ce dernier par les apprenants. Notre objectif est de gagner en efficacit\u00e9 p\u00e9dagogique et partager avec gr\u00e2ce, passion et humilit\u00e9 nos connaissances.<\/p>\n\n\n\n<p><\/p>\n\n\n\n<figure class=\"wp-block-image size-full\"><img loading=\"lazy\" decoding=\"async\" width=\"1024\" height=\"768\" src=\"https:\/\/sla-formations.com\/wp-content\/uploads\/2025\/07\/Organigramme-SLA-Formations-2.png\" alt=\"\" class=\"wp-image-435\" srcset=\"https:\/\/sla-formations.com\/wp-content\/uploads\/2025\/07\/Organigramme-SLA-Formations-2.png 1024w, https:\/\/sla-formations.com\/wp-content\/uploads\/2025\/07\/Organigramme-SLA-Formations-2-300x225.png 300w, https:\/\/sla-formations.com\/wp-content\/uploads\/2025\/07\/Organigramme-SLA-Formations-2-768x576.png 768w, https:\/\/sla-formations.com\/wp-content\/uploads\/2025\/07\/Organigramme-SLA-Formations-2-16x12.png 16w\" sizes=\"(max-width: 1024px) 100vw, 1024px\" \/><\/figure>\n<\/div>\n\n\n\n<div class=\"wp-block-column is-layout-flow wp-block-column-is-layout-flow\" style=\"flex-basis:33.33%\">\n<figure class=\"wp-block-image size-large is-resized\"><img loading=\"lazy\" decoding=\"async\" width=\"1024\" height=\"747\" src=\"https:\/\/sla-formations.com\/wp-content\/uploads\/2023\/12\/formation4-1-1024x747.jpg\" alt=\"\" class=\"wp-image-348\" style=\"width:276px;height:auto\" srcset=\"https:\/\/sla-formations.com\/wp-content\/uploads\/2023\/12\/formation4-1-1024x747.jpg 1024w, https:\/\/sla-formations.com\/wp-content\/uploads\/2023\/12\/formation4-1-300x219.jpg 300w, https:\/\/sla-formations.com\/wp-content\/uploads\/2023\/12\/formation4-1-768x560.jpg 768w, https:\/\/sla-formations.com\/wp-content\/uploads\/2023\/12\/formation4-1-1536x1120.jpg 1536w, https:\/\/sla-formations.com\/wp-content\/uploads\/2023\/12\/formation4-1.jpg 1600w\" sizes=\"(max-width: 1024px) 100vw, 1024px\" \/><\/figure>\n<\/div>\n<\/div>\n\n\n\n<hr class=\"wp-block-separator has-alpha-channel-opacity\"\/>\n\n\n\n<h2 class=\"wp-block-heading alignwide\">La D\u00e9marche Qualit\u00e9 au sein de SLA Formations<\/h2>\n\n\n\n<hr class=\"wp-block-separator alignwide has-text-color has-css-opacity has-background is-style-wide\" style=\"background-color:#000000;color:#000000\"\/>\n\n\n\n<div class=\"wp-block-columns alignwide is-layout-flex wp-container-core-columns-layout-4 wp-block-columns-is-layout-flex\">\n<div class=\"wp-block-column is-layout-flow wp-block-column-is-layout-flow\" style=\"flex-basis:66.66%\">\n<p>Nous nous sommes engager \u00e0 r\u00e9pondre aux crit\u00e8res du d\u00e9cret qualit\u00e9 2015-790 du 30 juin 2015 des formations.<\/p>\n\n\n\n<p>Notre d\u00e9marche qualit\u00e9 s\u2019appuie notamment sur :<\/p>\n\n\n\n<ul>\n<li>L\u2019identification pr\u00e9cise des objectifs de la formation et son adaptation au public form\u00e9<\/li>\n\n\n\n<li>L\u2019adaptation du dispositif d\u2019accueil, de suivi p\u00e9dagogique et d\u2019\u00e9valuation aux publics de stagiaires<\/li>\n\n\n\n<li>L\u2019adaptation des moyens p\u00e9dagogiques, techniques et d\u2019encadrement de la formation<\/li>\n\n\n\n<li>Les conditions d\u2019information du public sur l\u2019offre de formation, ses d\u00e9lais d\u2019acc\u00e8s et les r\u00e9sultats obtenus<\/li>\n\n\n\n<li>La prise en compte des appr\u00e9ciations rendues par les stagiaires<\/li>\n<\/ul>\n<\/div>\n<\/div>\n\n\n\n<h2 class=\"wp-block-heading alignwide\">Nos Valeurs<\/h2>\n\n\n\n<hr class=\"wp-block-separator alignwide has-text-color has-css-opacity has-background is-style-wide\" style=\"background-color:#000000;color:#000000\"\/>\n\n\n\n<p class=\"has-text-align-center\"><strong>Notre engagement est de tout faire pour satisfaire nos apprenants et de tout faire pour qu\u2019ils soient bien form\u00e9s pour qu\u2019ils pratiquent de la qualit\u00e9 en tant que praticien<\/strong><\/p>\n\n\n<div class=\"wp-block-image\">\n<figure class=\"aligncenter size-full is-resized\"><img loading=\"lazy\" decoding=\"async\" width=\"649\" height=\"312\" src=\"https:\/\/sla-formations.com\/wp-content\/uploads\/2023\/12\/Valeurs-1.png\" alt=\"\" class=\"wp-image-276\" style=\"width:499px;height:auto\" srcset=\"https:\/\/sla-formations.com\/wp-content\/uploads\/2023\/12\/Valeurs-1.png 649w, https:\/\/sla-formations.com\/wp-content\/uploads\/2023\/12\/Valeurs-1-300x144.png 300w\" sizes=\"(max-width: 649px) 100vw, 649px\" \/><\/figure><\/div>\n\n\n<p class=\"has-text-align-center\"><strong>Nos priorit\u00e9s sont votre satisfaction et votre avenir !<\/strong><\/p>\n\n\n\n<p><\/p>\n","protected":false},"excerpt":{"rendered":"<p>Qui sommes nous ? La cr\u00e9ation du centre SLA Formations est n\u00e9e de la volont\u00e9 et de l&rsquo;ambition d&rsquo;une femme, Madame Faten DOGHMAN, une ancienne collaboratrice TUNISAIR. Fondatrice et Pr\u00e9sidente du centre SLA Formations, elle a depuis toujours eu pour ambition de travailler dans le monde du voyage et du [&hellip;]<\/p>\n","protected":false},"author":1,"featured_media":0,"parent":0,"menu_order":0,"comment_status":"closed","ping_status":"closed","template":"","meta":{"footnotes":""},"_links":{"self":[{"href":"https:\/\/sla-formations.com\/index.php\/wp-json\/wp\/v2\/pages\/274"}],"collection":[{"href":"https:\/\/sla-formations.com\/index.php\/wp-json\/wp\/v2\/pages"}],"about":[{"href":"https:\/\/sla-formations.com\/index.php\/wp-json\/wp\/v2\/types\/page"}],"author":[{"embeddable":true,"href":"https:\/\/sla-formations.com\/index.php\/wp-json\/wp\/v2\/users\/1"}],"replies":[{"embeddable":true,"href":"https:\/\/sla-formations.com\/index.php\/wp-json\/wp\/v2\/comments?post=274"}],"version-history":[{"count":23,"href":"https:\/\/sla-formations.com\/index.php\/wp-json\/wp\/v2\/pages\/274\/revisions"}],"predecessor-version":[{"id":436,"href":"https:\/\/sla-formations.com\/index.php\/wp-json\/wp\/v2\/pages\/274\/revisions\/436"}],"wp:attachment":[{"href":"https:\/\/sla-formations.com\/index.php\/wp-json\/wp\/v2\/media?parent=274"}],"curies":[{"name":"wp","href":"https:\/\/api.w.org\/{rel}","templated":true}]}}