{"id":314,"date":"2023-12-09T01:08:41","date_gmt":"2023-12-09T00:08:41","guid":{"rendered":"https:\/\/sla-formations.com\/?page_id=314"},"modified":"2024-01-12T18:34:59","modified_gmt":"2024-01-12T17:34:59","slug":"recrutement","status":"publish","type":"page","link":"https:\/\/sla-formations.com\/index.php\/recrutement\/","title":{"rendered":"Formateur\/trice AMADEUS Freelance"},"content":{"rendered":"\n<div class=\"wp-block-group alignwide is-layout-constrained wp-block-group-is-layout-constrained\"><div class=\"wp-block-group__inner-container\">\n<div class=\"wp-block-group is-layout-constrained wp-block-group-is-layout-constrained\"><div class=\"wp-block-group__inner-container\">\n<p>Dans le cadre de notre d\u00e9veloppement, nous recherchons pour notre centre de Choisy-Le-Roi un(e) formateur\/trice AMADEUS Freelance, d\u00e9sirant s&rsquo;investir dans la formation.<\/p>\n\n\n\n<p>Vous interviendrez ponctuellement aupr\u00e8s de groupes de stagiaires se destinant aux m\u00e9tiers a\u00e9roportuaires.<\/p>\n\n\n\n<p><strong>Vos principales missions en int\u00e9grant notre \u00e9quipe p\u00e9dagogique :<\/strong><\/p>\n<\/div><\/div>\n\n\n\n<ul>\n<li>D\u00e9finir, concevoir et actualiser les outils p\u00e9dagogiques<\/li>\n\n\n\n<li>Pr\u00e9parer et animer la formation<\/li>\n\n\n\n<li>\u00c9valuer les comp\u00e9tences, les acquis professionnels<\/li>\n\n\n\n<li>\u00catre garant(e) du respect du r\u00e8glement int\u00e9rieur<\/li>\n\n\n\n<li>Assurer une veille p\u00e9dagogique<\/li>\n<\/ul>\n\n\n\n<p><strong>Votre profil :<\/strong> <\/p>\n\n\n\n<ul>\n<li>Vous \u00eates un(e) formateur\/trice AMADEUS Freelance, expert(e) dans ce domaine et principalement sur cette formation.<\/li>\n\n\n\n<li>Vous \u00eates d\u00e9tenteur d\u2019un Num\u00e9ro de D\u00e9claration d\u2019Activit\u00e9.<\/li>\n\n\n\n<li>La maitrise du logiciel Amadeus est indispensable.<\/li>\n\n\n\n<li>Votre s\u00e9rieux, votre dynamisme et vos qualit\u00e9s p\u00e9dagogiques ne sont plus \u00e0 d\u00e9montrer.<\/li>\n\n\n\n<li>Vous \u00eates \u00e0 l\u2019aise \u00e0 l\u2019oral et appr\u00e9ciez les \u00e9changes avec les stagiaires.<\/li>\n<\/ul>\n<\/div><\/div>\n\n\n\n<hr class=\"wp-block-separator has-alpha-channel-opacity\"\/>\n\n\n\n<div class=\"wp-block-group alignwide is-layout-constrained wp-block-group-is-layout-constrained\"><div class=\"wp-block-group__inner-container\">\n<p class=\"has-text-align-center\">\ud83d\udcc4 Contrat : Freelance<\/p>\n\n\n\n<p class=\"has-text-align-center\">\ud83d\udccc Secteur : Choisy-Le-Roi (94600)<\/p>\n\n\n\n<p class=\"has-text-align-center\">\ud83d\udccd Missions : Formation AMADEUS<\/p>\n<\/div><\/div>\n\n\n\n<hr class=\"wp-block-separator has-alpha-channel-opacity\"\/>\n","protected":false},"excerpt":{"rendered":"<p>Dans le cadre de notre d\u00e9veloppement, nous recherchons pour notre centre de Choisy-Le-Roi un(e) formateur\/trice AMADEUS Freelance, d\u00e9sirant s&rsquo;investir dans la formation. Vous interviendrez ponctuellement aupr\u00e8s de groupes de stagiaires se destinant aux m\u00e9tiers a\u00e9roportuaires. Vos principales missions en int\u00e9grant notre \u00e9quipe p\u00e9dagogique : Votre profil : \ud83d\udcc4 Contrat : [&hellip;]<\/p>\n","protected":false},"author":1,"featured_media":0,"parent":0,"menu_order":0,"comment_status":"closed","ping_status":"closed","template":"","meta":{"footnotes":""},"_links":{"self":[{"href":"https:\/\/sla-formations.com\/index.php\/wp-json\/wp\/v2\/pages\/314"}],"collection":[{"href":"https:\/\/sla-formations.com\/index.php\/wp-json\/wp\/v2\/pages"}],"about":[{"href":"https:\/\/sla-formations.com\/index.php\/wp-json\/wp\/v2\/types\/page"}],"author":[{"embeddable":true,"href":"https:\/\/sla-formations.com\/index.php\/wp-json\/wp\/v2\/users\/1"}],"replies":[{"embeddable":true,"href":"https:\/\/sla-formations.com\/index.php\/wp-json\/wp\/v2\/comments?post=314"}],"version-history":[{"count":3,"href":"https:\/\/sla-formations.com\/index.php\/wp-json\/wp\/v2\/pages\/314\/revisions"}],"predecessor-version":[{"id":420,"href":"https:\/\/sla-formations.com\/index.php\/wp-json\/wp\/v2\/pages\/314\/revisions\/420"}],"wp:attachment":[{"href":"https:\/\/sla-formations.com\/index.php\/wp-json\/wp\/v2\/media?parent=314"}],"curies":[{"name":"wp","href":"https:\/\/api.w.org\/{rel}","templated":true}]}}